{"id":20,"date":"2016-02-22T11:09:23","date_gmt":"2016-02-22T10:09:23","guid":{"rendered":"http:\/\/www.murmeltier-marmotta.at\/?page_id=20"},"modified":"2022-08-24T13:28:35","modified_gmt":"2022-08-24T11:28:35","slug":"agbs","status":"publish","type":"page","link":"https:\/\/www.murmeltier-marmotta.at\/it\/agbs\/","title":{"rendered":"Allgemeine Gesch\u00e4ftsbedingungen"},"content":{"rendered":"<style type=\"text\/css\"><\/style><div id=\"center\">\n<h1>Allgemeine Gesch\u00e4ftsbedingungen \/ Privacy<\/h1>\n<ol>\n<li><strong>Kaufvertrag im Internet<\/strong><br \/>\nBei Bestellung \u00fcber Internet wird der Kaufvertrag erst g\u00fcltig, nachdem der Verk\u00e4ufer die Bestellung an die E-Mail-Adresse des K\u00e4ufers best\u00e4tigt hat.<\/li>\n<li><strong>Datenschutz &#8211; Privacy<\/strong><br \/>\nIhre Daten werden im Sinne des Gesetzesvertretenden Dekretes vom 30.06.03 Nr. 196 Datenschutzkodex verarbeitet. Zust\u00e4ndig f\u00fcr die Behandlung der Daten ist &#8220;DIE KRAFT DER NATUR&#8221; Wieser Lisbeth, 9963 St.Jakob i.Def.<\/li>\n<li><strong>Preise<\/strong><br \/>\nUnsere Preise enthalten die gesetzliche Mehrwertsteuer und verstehen sich zuz\u00fcglich Versandkosten. Der zum Zeitpunkt der Bestellung aktuelle Preis ist verbindlich.<\/li>\n<li><strong>Bezahlung<\/strong><br \/>\nBezahlung nach Erhalt der Ware mittels Bank\u00fcberweisung.<\/li>\n<li><strong>Eigentumsvorbehalt<\/strong><br \/>\nDie gelieferte Ware bleibt bis zur vollst\u00e4ndigen Bezahlung s\u00e4mtlicher Forderungen aus den Verkaufsbedingungen zwischen dem K\u00e4ufer und dem Verk\u00e4ufer, Eigentum des Verk\u00e4ufers.<\/li>\n<li><strong>Lieferbedingungen<\/strong><br \/>\nDie Lieferung ist bei Empfang auf Vollst\u00e4ndigkeit und Besch\u00e4digung hin zu pr\u00fcfen. Bei dem Verdacht auf Transportsch\u00e4den oder bei fehlender Ware, ist die Originalverpackung unbedingt aufzubewahren. Verbindliche Liefertermine sind ausdr\u00fccklich ausgeschlossen<\/li>\n<li><strong>R\u00fccksendungen von Waren<\/strong><br \/>\nF\u00fcr R\u00fccksendungen von Waren ben\u00f6tigt der K\u00e4ufer eine R\u00fccksendungsnummer und eine Kopie des Kaufbeleges. R\u00fccksendungen ohne R\u00fccksendungsnummer werden nicht angenommen sondern auf Kosten des K\u00e4ufers umgehend zur\u00fcckgesandt. Der K\u00e4ufer tr\u00e4gt Kosten und Risiko f\u00fcr R\u00fccksendungen. Falschlieferungen werden nur in unbesch\u00e4digter, unge\u00f6ffneter, nicht beschrifteter und nicht beklebter Originalverpackung zur\u00fcckgenommen.<\/li>\n<li><strong>Haftung<\/strong><br \/>\nF\u00fcr verkaufte Produkte sind die Garantiebedingungen des jeweiligen Herstellers g\u00fcltig. Die Haftung der gesetzlichen Vertreter, und der Betriebsangeh\u00f6rigen des Verk\u00e4ufers gegen\u00fcber dem K\u00e4ufer wird au\u00dfer in F\u00e4llen der Vors\u00e4tzlichkeit und der groben Fahrl\u00e4ssigkeit ausgeschlossen.<\/li>\n<li><strong>Gerichtstand<\/strong><br \/>\nF\u00fcr Klagen ist das Gericht in Lienz\/\u00d6sterreich zust\u00e4ndig.<\/li>\n<li><strong>Sonstiges<\/strong><br \/>\nIrrt\u00fcmer, technische Fehlinformationen sowie Schreibfehler sind vorbehalten.<\/li>\n<\/ol>\n<\/div>\n","protected":false},"excerpt":{"rendered":"<p>Allgemeine Gesch\u00e4ftsbedingungen \/ Privacy Kaufvertrag im Internet Bei Bestellung \u00fcber Internet wird der Kaufvertrag erst g\u00fcltig, nachdem der Verk\u00e4ufer die Bestellung an die E-Mail-Adresse des K\u00e4ufers best\u00e4tigt hat. Datenschutz &#8211; Privacy Ihre Daten werden im Sinne des Gesetzesvertretenden Dekretes vom 30.06.03 Nr. 196 Datenschutzkodex verarbeitet. Zust\u00e4ndig f\u00fcr die Behandlung der Daten ist &#8220;DIE KRAFT DER&#8230;<\/p>\n","protected":false},"author":1,"featured_media":0,"parent":0,"menu_order":0,"comment_status":"closed","ping_status":"closed","template":"","meta":{"footnotes":""},"class_list":["post-20","page","type-page","status-publish","hentry"],"jetpack_sharing_enabled":true,"_links":{"self":[{"href":"https:\/\/www.murmeltier-marmotta.at\/it\/wp-json\/wp\/v2\/pages\/20","targetHints":{"allow":["GET"]}}],"collection":[{"href":"https:\/\/www.murmeltier-marmotta.at\/it\/wp-json\/wp\/v2\/pages"}],"about":[{"href":"https:\/\/www.murmeltier-marmotta.at\/it\/wp-json\/wp\/v2\/types\/page"}],"author":[{"embeddable":true,"href":"https:\/\/www.murmeltier-marmotta.at\/it\/wp-json\/wp\/v2\/users\/1"}],"replies":[{"embeddable":true,"href":"https:\/\/www.murmeltier-marmotta.at\/it\/wp-json\/wp\/v2\/comments?post=20"}],"version-history":[{"count":8,"href":"https:\/\/www.murmeltier-marmotta.at\/it\/wp-json\/wp\/v2\/pages\/20\/revisions"}],"predecessor-version":[{"id":1421,"href":"https:\/\/www.murmeltier-marmotta.at\/it\/wp-json\/wp\/v2\/pages\/20\/revisions\/1421"}],"wp:attachment":[{"href":"https:\/\/www.murmeltier-marmotta.at\/it\/wp-json\/wp\/v2\/media?parent=20"}],"curies":[{"name":"wp","href":"https:\/\/api.w.org\/{rel}","templated":true}]}}